{"id":148,"date":"2014-07-08T16:37:55","date_gmt":"2014-07-08T15:37:55","guid":{"rendered":"http:\/\/nappynko.com\/blog\/?page_id=148"},"modified":"2020-03-17T16:51:07","modified_gmt":"2020-03-17T15:51:07","slug":"blog-nappy-nko-et-conseils-pour-cheveux-crepus-a-boucles","status":"publish","type":"page","link":"https:\/\/nappynko.com\/blog\/blog-nappy-nko-et-conseils-pour-cheveux-crepus-a-boucles\/","title":{"rendered":"Bienvenue sur le blog Nappy N&rsquo;ko !"},"content":{"rendered":"<h1 style=\"text-align: center;\">&nbsp;De la <a href=\"http:\/\/www.nappynko.com\">boutique Nappynko.<\/a><\/h1>\n<p style=\"text-align: center;\">\n<p style=\"text-align: center;\"><img fetchpriority=\"high\" decoding=\"async\" class=\"alignnone wp-image-3557\" src=\"https:\/\/www.nappynko.com\/blog\/wp-content\/uploads\/2019\/10\/5b55139698736d8f3e7a_Bannie\u0300re-site-300x75.png\" alt=\"Nappynko, conseils et astuces cheveux cr\u00e9pus \u00e0 boucl\u00e9s\" width=\"464\" height=\"116\" srcset=\"https:\/\/nappynko.com\/blog\/wp-content\/uploads\/2019\/10\/5b55139698736d8f3e7a_Bannie\u0300re-site-300x75.png 300w, https:\/\/nappynko.com\/blog\/wp-content\/uploads\/2019\/10\/5b55139698736d8f3e7a_Bannie\u0300re-site-768x192.png 768w, https:\/\/nappynko.com\/blog\/wp-content\/uploads\/2019\/10\/5b55139698736d8f3e7a_Bannie\u0300re-site-1024x256.png 1024w, https:\/\/nappynko.com\/blog\/wp-content\/uploads\/2019\/10\/5b55139698736d8f3e7a_Bannie\u0300re-site-1140x285.png 1140w, https:\/\/nappynko.com\/blog\/wp-content\/uploads\/2019\/10\/5b55139698736d8f3e7a_Bannie\u0300re-site.png 1200w\" sizes=\"(max-width: 464px) 100vw, 464px\" \/><\/p>\n<h2>Qu&rsquo;est ce que&nbsp; Nappy N&rsquo;ko ?<\/h2>\n<p>Nappy N&rsquo;ko est sp\u00e9cialis\u00e9e dans la vente de produits pour cheveux nappy, naturels et bio et le conseil pour entretenir les cheveux naturels en g\u00e9n\u00e9ral.<\/p>\n<p>Nous proposons des produis pour cheveux nappy,&nbsp; huiles v\u00e9g\u00e9tales, des poudres indiennes, des marques phares, des marques artisanes con\u00e7ues pour r\u00e9pondre aux besoins des cheveux secs, des cheveux cassants, des cheveux naturels que cela soit pour l&rsquo;adulte ou l&rsquo;enfant.<\/p>\n<h2>Nappy N&rsquo;ko est donc un site de vente ET de conseils pour cheveux cr\u00e9pus \u00e0 boucl\u00e9s.<\/h2>\n<p>Nappy N&rsquo;ko, propose \u00e9galement de nombreuses astuces et conseils pour vous aider entretenir vos cheveux cr\u00e9pus \u00e0 boucl\u00e9s au quotidien dans <a href=\"https:\/\/www.nappynko.com\/blog\">ce blog<\/a>, mais aussi \u00e0 travers son r\u00e9seau d&rsquo;Ambassadrice que vous pouvez contactez pour organiser un&nbsp;<a href=\"https:\/\/www.nappynko.com\/content\/7-ateliers-a-domicile\">atelier \u00e0 votre domicile<\/a> ou votre lieu de travail.&nbsp;Ces ateliers vous permettent de parler des probl\u00e9matiques capillaires que vous pouvez rencontrer (par exemple : chute de cheveux, comment mettre en place une routine capillaire, comment g\u00e9rer votre transition) mais aussi de d\u00e9couvrir nos produits sans bouger de chez vous.<\/p>\n<h2>Pourquoi le Blog Nappy N&rsquo;ko ?<\/h2>\n<p style=\"text-align: left;\">Le but du blog Nappy N&rsquo;ko est de vous accompagner au quotidien dans vos questionnements capillaires et cosm\u00e9tiques naturels en g\u00e9n\u00e9ral. Vous trouverez donc ici des articles essentiellement sur les cheveux cr\u00e9pus, fris\u00e9s et ondul\u00e9s, mais aussi sur la beaut\u00e9 au naturel en g\u00e9n\u00e9ral. Nous partagerons et parlerons m\u00e9thodes, produits, ingr\u00e9dients cosm\u00e9tiques et bien d&rsquo;autres choses encore.<\/p>\n<p>Parmi les sujets que nous traitons vous pouvez retrouver : <a href=\"https:\/\/www.nappynko.com\/blog\/?s=la+routine+capillaire\">la routine capillaire<\/a>, le retour au naturel, les id\u00e9es coiffures sur cheveux afro, la porosit\u00e9 etc .<\/p>\n<p style=\"text-align: center;\">N&rsquo;h\u00e9sitez pas \u00e0 partager et \u00e0 nous contacter si vous souhaitez partager votre avis d&rsquo;expert !<\/p>\n<p>Vous pouvez \u00e9galement rejoindre le forum des Nappy N&rsquo;ko partagent <a href=\"https:\/\/www.facebook.com\/groups\/nappynko\/?ref=pages_groups_card&amp;source_id=153694318033650\" data-wplink-edit=\"true\">ici&nbsp;<\/a><\/p>\n","protected":false},"excerpt":{"rendered":"<p>&nbsp;De la boutique Nappynko. Qu&rsquo;est ce que&nbsp; Nappy N&rsquo;ko ? Nappy N&rsquo;ko est sp\u00e9cialis\u00e9e dans la vente de produits pour cheveux nappy, naturels et bio et le conseil pour entretenir les cheveux naturels en g\u00e9n\u00e9ral. Nous proposons des produis pour cheveux nappy,&nbsp; huiles v\u00e9g\u00e9tales, des poudres indiennes, des marques phares, des marques artisanes con\u00e7ues pour r\u00e9pondre aux besoins des cheveux secs, des cheveux cassants, des cheveux naturels que cela soit pour l&rsquo;adulte ou l&rsquo;enfant. Nappy N&rsquo;ko est donc un site de vente ET de conseils pour cheveux cr\u00e9pus \u00e0 boucl\u00e9s. Nappy N&rsquo;ko, propose \u00e9galement de nombreuses astuces et conseils pour vous aider entretenir vos cheveux cr\u00e9pus \u00e0 boucl\u00e9s au quotidien dans ce blog, mais aussi \u00e0 travers son r\u00e9seau d&rsquo;Ambassadrice que vous pouvez contactez pour organiser un&nbsp;atelier \u00e0 votre domicile ou votre lieu de travail.&nbsp;Ces ateliers vous permettent de parler des probl\u00e9matiques capillaires que vous pouvez rencontrer (par exemple : chute de cheveux, comment mettre en place une routine capillaire, comment g\u00e9rer votre transition) mais aussi de d\u00e9couvrir nos produits sans bouger de chez vous. Pourquoi le Blog Nappy N&rsquo;ko ? Le but du blog Nappy N&rsquo;ko est de vous accompagner au quotidien dans vos questionnements capillaires et cosm\u00e9tiques naturels en g\u00e9n\u00e9ral. Vous trouverez donc ici des articles essentiellement sur les cheveux cr\u00e9pus, fris\u00e9s et ondul\u00e9s, mais aussi sur la beaut\u00e9 au naturel en g\u00e9n\u00e9ral. Nous partagerons et parlerons m\u00e9thodes, produits, ingr\u00e9dients cosm\u00e9tiques et bien d&rsquo;autres choses encore. Parmi les sujets que nous traitons vous pouvez retrouver : la routine capillaire, le retour au naturel, les id\u00e9es coiffures sur cheveux afro, la porosit\u00e9 etc . N&rsquo;h\u00e9sitez pas \u00e0 partager et \u00e0 nous contacter si vous souhaitez partager votre avis d&rsquo;expert ! Vous pouvez \u00e9galement rejoindre le forum des Nappy N&rsquo;ko partagent ici&nbsp;<\/p>\n","protected":false},"author":4,"featured_media":0,"parent":0,"menu_order":1,"comment_status":"open","ping_status":"open","template":"","meta":{"om_disable_all_campaigns":false,"_monsterinsights_skip_tracking":false,"_monsterinsights_sitenote_active":false,"_monsterinsights_sitenote_note":"","_monsterinsights_sitenote_category":0,"_uf_show_specific_survey":0,"_uf_disable_surveys":false,"footnotes":""},"class_list":["post-148","page","type-page","status-publish","hentry"],"yoast_head":"<!-- This site is optimized with the Yoast SEO plugin v27.3 - https:\/\/yoast.com\/product\/yoast-seo-wordpress\/ -->\n<title>Produits nappy et conseils pour cheveux afro, cr\u00e9pus \u00e0 boucl\u00e9s ! Paris<\/title>\n<meta name=\"description\" content=\"Retrouvez nos conseils pour prendre soin des cheveux cr\u00e9pus \u00e0 boucl\u00e9s avec des produits naturels et bios. Ainsi que des produits pour cheveux nappy.\" \/>\n<meta name=\"robots\" content=\"index, follow, max-snippet:-1, max-image-preview:large, max-video-preview:-1\" \/>\n<link rel=\"canonical\" href=\"https:\/\/nappynko.com\/blog\/blog-nappy-nko-et-conseils-pour-cheveux-crepus-a-boucles\/\" \/>\n<meta property=\"og:locale\" content=\"fr_FR\" \/>\n<meta property=\"og:type\" content=\"article\" \/>\n<meta property=\"og:title\" content=\"Produits nappy et conseils pour cheveux afro, cr\u00e9pus \u00e0 boucl\u00e9s ! Paris\" \/>\n<meta property=\"og:description\" content=\"Retrouvez nos conseils pour prendre soin des cheveux cr\u00e9pus \u00e0 boucl\u00e9s avec des produits naturels et bios. Ainsi que des produits pour cheveux nappy.\" \/>\n<meta property=\"og:url\" content=\"https:\/\/nappynko.com\/blog\/blog-nappy-nko-et-conseils-pour-cheveux-crepus-a-boucles\/\" \/>\n<meta property=\"og:site_name\" content=\"Nappy N&#039;ko : Conseils, astuces pour cheveux cr\u00e9pus, fris\u00e9s et ondul\u00e9s au naturel !\" \/>\n<meta property=\"article:publisher\" content=\"https:\/\/www.facebook.com\/NappyNKo\/\" \/>\n<meta property=\"article:modified_time\" content=\"2020-03-17T15:51:07+00:00\" \/>\n<meta property=\"og:image\" content=\"https:\/\/www.nappynko.com\/blog\/wp-content\/uploads\/2019\/10\/5b55139698736d8f3e7a_Bannie\u0300re-site-300x75.png\" \/>\n<meta name=\"twitter:card\" content=\"summary_large_image\" \/>\n<meta name=\"twitter:site\" content=\"@Nappynko\" \/>\n<meta name=\"twitter:label1\" content=\"Dur\u00e9e de lecture estim\u00e9e\" \/>\n\t<meta name=\"twitter:data1\" content=\"2 minutes\" \/>\n<script type=\"application\/ld+json\" class=\"yoast-schema-graph\">{\"@context\":\"https:\\\/\\\/schema.org\",\"@graph\":[{\"@type\":\"WebPage\",\"@id\":\"https:\\\/\\\/nappynko.com\\\/blog\\\/blog-nappy-nko-et-conseils-pour-cheveux-crepus-a-boucles\\\/\",\"url\":\"https:\\\/\\\/nappynko.com\\\/blog\\\/blog-nappy-nko-et-conseils-pour-cheveux-crepus-a-boucles\\\/\",\"name\":\"Produits nappy et conseils pour cheveux afro, cr\u00e9pus \u00e0 boucl\u00e9s ! Paris\",\"isPartOf\":{\"@id\":\"https:\\\/\\\/nappynko.com\\\/blog\\\/#website\"},\"datePublished\":\"2014-07-08T15:37:55+00:00\",\"dateModified\":\"2020-03-17T15:51:07+00:00\",\"description\":\"Retrouvez nos conseils pour prendre soin des cheveux cr\u00e9pus \u00e0 boucl\u00e9s avec des produits naturels et bios. Ainsi que des produits pour cheveux nappy.\",\"breadcrumb\":{\"@id\":\"https:\\\/\\\/nappynko.com\\\/blog\\\/blog-nappy-nko-et-conseils-pour-cheveux-crepus-a-boucles\\\/#breadcrumb\"},\"inLanguage\":\"fr-FR\",\"potentialAction\":[{\"@type\":\"ReadAction\",\"target\":[\"https:\\\/\\\/nappynko.com\\\/blog\\\/blog-nappy-nko-et-conseils-pour-cheveux-crepus-a-boucles\\\/\"]}]},{\"@type\":\"BreadcrumbList\",\"@id\":\"https:\\\/\\\/nappynko.com\\\/blog\\\/blog-nappy-nko-et-conseils-pour-cheveux-crepus-a-boucles\\\/#breadcrumb\",\"itemListElement\":[{\"@type\":\"ListItem\",\"position\":1,\"name\":\"Accueil\",\"item\":\"https:\\\/\\\/nappynko.com\\\/blog\\\/\"},{\"@type\":\"ListItem\",\"position\":2,\"name\":\"Bienvenue sur le blog Nappy N&rsquo;ko !\"}]},{\"@type\":\"WebSite\",\"@id\":\"https:\\\/\\\/nappynko.com\\\/blog\\\/#website\",\"url\":\"https:\\\/\\\/nappynko.com\\\/blog\\\/\",\"name\":\"Nappy N'ko : Conseils, astuces pour cheveux cr\u00e9pus, fris\u00e9s et ondul\u00e9s au naturel !\",\"description\":\"\",\"publisher\":{\"@id\":\"https:\\\/\\\/nappynko.com\\\/blog\\\/#organization\"},\"potentialAction\":[{\"@type\":\"SearchAction\",\"target\":{\"@type\":\"EntryPoint\",\"urlTemplate\":\"https:\\\/\\\/nappynko.com\\\/blog\\\/?s={search_term_string}\"},\"query-input\":{\"@type\":\"PropertyValueSpecification\",\"valueRequired\":true,\"valueName\":\"search_term_string\"}}],\"inLanguage\":\"fr-FR\"},{\"@type\":\"Organization\",\"@id\":\"https:\\\/\\\/nappynko.com\\\/blog\\\/#organization\",\"name\":\"Nappy N'ko\",\"url\":\"https:\\\/\\\/nappynko.com\\\/blog\\\/\",\"logo\":{\"@type\":\"ImageObject\",\"inLanguage\":\"fr-FR\",\"@id\":\"https:\\\/\\\/nappynko.com\\\/blog\\\/#\\\/schema\\\/logo\\\/image\\\/\",\"url\":\"https:\\\/\\\/nappynko.com\\\/blog\\\/wp-content\\\/uploads\\\/2015\\\/07\\\/logo-nappy-n-ko-produits-nappy.jpg\",\"contentUrl\":\"https:\\\/\\\/nappynko.com\\\/blog\\\/wp-content\\\/uploads\\\/2015\\\/07\\\/logo-nappy-n-ko-produits-nappy.jpg\",\"width\":139,\"height\":140,\"caption\":\"Nappy N'ko\"},\"image\":{\"@id\":\"https:\\\/\\\/nappynko.com\\\/blog\\\/#\\\/schema\\\/logo\\\/image\\\/\"},\"sameAs\":[\"https:\\\/\\\/www.facebook.com\\\/NappyNKo\\\/\",\"https:\\\/\\\/x.com\\\/Nappynko\",\"https:\\\/\\\/www.instagram.com\\\/nappy_nko\\\/\",\"https:\\\/\\\/www.pinterest.fr\\\/nappyNko\\\/pins\\\/\"]}]}<\/script>\n<!-- \/ Yoast SEO plugin. -->","yoast_head_json":{"title":"Produits nappy et conseils pour cheveux afro, cr\u00e9pus \u00e0 boucl\u00e9s ! Paris","description":"Retrouvez nos conseils pour prendre soin des cheveux cr\u00e9pus \u00e0 boucl\u00e9s avec des produits naturels et bios. Ainsi que des produits pour cheveux nappy.","robots":{"index":"index","follow":"follow","max-snippet":"max-snippet:-1","max-image-preview":"max-image-preview:large","max-video-preview":"max-video-preview:-1"},"canonical":"https:\/\/nappynko.com\/blog\/blog-nappy-nko-et-conseils-pour-cheveux-crepus-a-boucles\/","og_locale":"fr_FR","og_type":"article","og_title":"Produits nappy et conseils pour cheveux afro, cr\u00e9pus \u00e0 boucl\u00e9s ! Paris","og_description":"Retrouvez nos conseils pour prendre soin des cheveux cr\u00e9pus \u00e0 boucl\u00e9s avec des produits naturels et bios. Ainsi que des produits pour cheveux nappy.","og_url":"https:\/\/nappynko.com\/blog\/blog-nappy-nko-et-conseils-pour-cheveux-crepus-a-boucles\/","og_site_name":"Nappy N&#039;ko : Conseils, astuces pour cheveux cr\u00e9pus, fris\u00e9s et ondul\u00e9s au naturel !","article_publisher":"https:\/\/www.facebook.com\/NappyNKo\/","article_modified_time":"2020-03-17T15:51:07+00:00","og_image":[{"url":"https:\/\/www.nappynko.com\/blog\/wp-content\/uploads\/2019\/10\/5b55139698736d8f3e7a_Bannie\u0300re-site-300x75.png","type":"","width":"","height":""}],"twitter_card":"summary_large_image","twitter_site":"@Nappynko","twitter_misc":{"Dur\u00e9e de lecture estim\u00e9e":"2 minutes"},"schema":{"@context":"https:\/\/schema.org","@graph":[{"@type":"WebPage","@id":"https:\/\/nappynko.com\/blog\/blog-nappy-nko-et-conseils-pour-cheveux-crepus-a-boucles\/","url":"https:\/\/nappynko.com\/blog\/blog-nappy-nko-et-conseils-pour-cheveux-crepus-a-boucles\/","name":"Produits nappy et conseils pour cheveux afro, cr\u00e9pus \u00e0 boucl\u00e9s ! Paris","isPartOf":{"@id":"https:\/\/nappynko.com\/blog\/#website"},"datePublished":"2014-07-08T15:37:55+00:00","dateModified":"2020-03-17T15:51:07+00:00","description":"Retrouvez nos conseils pour prendre soin des cheveux cr\u00e9pus \u00e0 boucl\u00e9s avec des produits naturels et bios. Ainsi que des produits pour cheveux nappy.","breadcrumb":{"@id":"https:\/\/nappynko.com\/blog\/blog-nappy-nko-et-conseils-pour-cheveux-crepus-a-boucles\/#breadcrumb"},"inLanguage":"fr-FR","potentialAction":[{"@type":"ReadAction","target":["https:\/\/nappynko.com\/blog\/blog-nappy-nko-et-conseils-pour-cheveux-crepus-a-boucles\/"]}]},{"@type":"BreadcrumbList","@id":"https:\/\/nappynko.com\/blog\/blog-nappy-nko-et-conseils-pour-cheveux-crepus-a-boucles\/#breadcrumb","itemListElement":[{"@type":"ListItem","position":1,"name":"Accueil","item":"https:\/\/nappynko.com\/blog\/"},{"@type":"ListItem","position":2,"name":"Bienvenue sur le blog Nappy N&rsquo;ko !"}]},{"@type":"WebSite","@id":"https:\/\/nappynko.com\/blog\/#website","url":"https:\/\/nappynko.com\/blog\/","name":"Nappy N'ko : Conseils, astuces pour cheveux cr\u00e9pus, fris\u00e9s et ondul\u00e9s au naturel !","description":"","publisher":{"@id":"https:\/\/nappynko.com\/blog\/#organization"},"potentialAction":[{"@type":"SearchAction","target":{"@type":"EntryPoint","urlTemplate":"https:\/\/nappynko.com\/blog\/?s={search_term_string}"},"query-input":{"@type":"PropertyValueSpecification","valueRequired":true,"valueName":"search_term_string"}}],"inLanguage":"fr-FR"},{"@type":"Organization","@id":"https:\/\/nappynko.com\/blog\/#organization","name":"Nappy N'ko","url":"https:\/\/nappynko.com\/blog\/","logo":{"@type":"ImageObject","inLanguage":"fr-FR","@id":"https:\/\/nappynko.com\/blog\/#\/schema\/logo\/image\/","url":"https:\/\/nappynko.com\/blog\/wp-content\/uploads\/2015\/07\/logo-nappy-n-ko-produits-nappy.jpg","contentUrl":"https:\/\/nappynko.com\/blog\/wp-content\/uploads\/2015\/07\/logo-nappy-n-ko-produits-nappy.jpg","width":139,"height":140,"caption":"Nappy N'ko"},"image":{"@id":"https:\/\/nappynko.com\/blog\/#\/schema\/logo\/image\/"},"sameAs":["https:\/\/www.facebook.com\/NappyNKo\/","https:\/\/x.com\/Nappynko","https:\/\/www.instagram.com\/nappy_nko\/","https:\/\/www.pinterest.fr\/nappyNko\/pins\/"]}]}},"_links":{"self":[{"href":"https:\/\/nappynko.com\/blog\/wp-json\/wp\/v2\/pages\/148","targetHints":{"allow":["GET"]}}],"collection":[{"href":"https:\/\/nappynko.com\/blog\/wp-json\/wp\/v2\/pages"}],"about":[{"href":"https:\/\/nappynko.com\/blog\/wp-json\/wp\/v2\/types\/page"}],"author":[{"embeddable":true,"href":"https:\/\/nappynko.com\/blog\/wp-json\/wp\/v2\/users\/4"}],"replies":[{"embeddable":true,"href":"https:\/\/nappynko.com\/blog\/wp-json\/wp\/v2\/comments?post=148"}],"version-history":[{"count":0,"href":"https:\/\/nappynko.com\/blog\/wp-json\/wp\/v2\/pages\/148\/revisions"}],"wp:attachment":[{"href":"https:\/\/nappynko.com\/blog\/wp-json\/wp\/v2\/media?parent=148"}],"curies":[{"name":"wp","href":"https:\/\/api.w.org\/{rel}","templated":true}]}}