{"id":420,"date":"2015-03-16T08:14:57","date_gmt":"2015-03-16T07:14:57","guid":{"rendered":"http:\/\/nappynko.com\/blog\/?page_id=420"},"modified":"2015-03-16T08:14:57","modified_gmt":"2015-03-16T07:14:57","slug":"evenement","status":"publish","type":"page","link":"https:\/\/nappynko.com\/blog\/evenement\/","title":{"rendered":"EVENT_N&rsquo;KO"},"content":{"rendered":"<p>Hello ! Retrouvez ici tous les \u00e9v\u00e8nements Nappy N&rsquo;ko et ceux dont Nappy N&rsquo;ko est partenaire. Vous ne pouvez plus nous rater ! On vous dit \u00e0 tr\u00e8s vite \ud83d\ude42<\/p>\n<p><a href=\"https:\/\/www.facebook.com\/events\/1800100106887707\/\"><img fetchpriority=\"high\" decoding=\"async\" class=\"wp-image-1381 alignleft\" src=\"http:\/\/nappynko.com\/blog\/wp-content\/uploads\/2015\/03\/cover-tkh-300x111.jpg\" alt=\"cover tkh\" width=\"632\" height=\"234\" srcset=\"https:\/\/nappynko.com\/blog\/wp-content\/uploads\/2015\/03\/cover-tkh-300x111.jpg 300w, https:\/\/nappynko.com\/blog\/wp-content\/uploads\/2015\/03\/cover-tkh-768x284.jpg 768w, https:\/\/nappynko.com\/blog\/wp-content\/uploads\/2015\/03\/cover-tkh.jpg 851w\" sizes=\"(max-width: 632px) 100vw, 632px\" \/><\/a><\/p>\n<p>&nbsp;<\/p>\n<p>&nbsp;<\/p>\n<p>&nbsp;<\/p>\n<p>&nbsp;<\/p>\n<p>&nbsp;<\/p>\n<p>Nappy N&rsquo;ko sera \u00e0 l&rsquo;\u00e9v\u00e8nement La rentr\u00e9e des cr\u00e9ateurs. Retrouvez notre \u00e9quipe sur le stand pour du conseil, les produits seront disponibles \u00e0 la vente. Pour plus d&rsquo;informations <a href=\"https:\/\/www.facebook.com\/events\/1800100106887707\/\">cliquez ICI<\/a><\/p>\n<p><a href=\"https:\/\/www.facebook.com\/events\/1665049180412295\/?active_tab=posts\"><img decoding=\"async\" class=\"aligncenter wp-image-1244\" src=\"http:\/\/nappynko.com\/blog\/wp-content\/uploads\/2015\/03\/13335826_10153561884225759_3294157959683703255_n-300x114.jpg\" alt=\"13335826_10153561884225759_3294157959683703255_n\" width=\"624\" height=\"237\" srcset=\"https:\/\/nappynko.com\/blog\/wp-content\/uploads\/2015\/03\/13335826_10153561884225759_3294157959683703255_n-300x114.jpg 300w, https:\/\/nappynko.com\/blog\/wp-content\/uploads\/2015\/03\/13335826_10153561884225759_3294157959683703255_n-768x292.jpg 768w, https:\/\/nappynko.com\/blog\/wp-content\/uploads\/2015\/03\/13335826_10153561884225759_3294157959683703255_n.jpg 828w\" sizes=\"(max-width: 624px) 100vw, 624px\" \/><\/a><\/p>\n<p>Nappy N&rsquo;ko sera \u00e0 l&rsquo;\u00e9v\u00e8nement Black Movie Summer. Retrouvez notre \u00e9quipe sur le stand pour du conseil, les produits seront disponibles \u00e0 la vente. Pour plus d&rsquo;informations <a href=\"https:\/\/www.facebook.com\/events\/1665049180412295\/\">cliquez ICI<\/a><\/p>\n","protected":false},"excerpt":{"rendered":"<p>Hello ! Retrouvez ici tous les \u00e9v\u00e8nements Nappy N&rsquo;ko et ceux dont Nappy N&rsquo;ko est partenaire. Vous ne pouvez plus nous rater ! On vous dit \u00e0 tr\u00e8s vite \ud83d\ude42 &nbsp; &nbsp; &nbsp; &nbsp; &nbsp; Nappy N&rsquo;ko sera \u00e0 l&rsquo;\u00e9v\u00e8nement La rentr\u00e9e des cr\u00e9ateurs. Retrouvez notre \u00e9quipe sur le stand pour du conseil, les produits seront disponibles \u00e0 la vente. Pour plus d&rsquo;informations cliquez ICI Nappy N&rsquo;ko sera \u00e0 l&rsquo;\u00e9v\u00e8nement Black Movie Summer. Retrouvez notre \u00e9quipe sur le stand pour du conseil, les produits seront disponibles \u00e0 la vente. Pour plus d&rsquo;informations cliquez ICI<\/p>\n","protected":false},"author":4,"featured_media":0,"parent":0,"menu_order":0,"comment_status":"open","ping_status":"closed","template":"","meta":{"om_disable_all_campaigns":false,"_monsterinsights_skip_tracking":false,"_monsterinsights_sitenote_active":false,"_monsterinsights_sitenote_note":"","_monsterinsights_sitenote_category":0,"_uf_show_specific_survey":0,"_uf_disable_surveys":false,"footnotes":""},"class_list":["post-420","page","type-page","status-publish","hentry"],"yoast_head":"<!-- This site is optimized with the Yoast SEO plugin v27.3 - https:\/\/yoast.com\/product\/yoast-seo-wordpress\/ -->\n<title>Evenement \u2022 Nappy n&#039;ko produits nappy cheveux cr\u00e9pus, fris\u00e9s<\/title>\n<meta name=\"description\" content=\"Evenement \u2022 Nappy n&#039;ko vous invite \u00e0 suivre toute son actualit\u00e9 \u00e9v\u00e8nementielle. Vous pouvez y retrouvez les produits et conseils.\" \/>\n<meta name=\"robots\" content=\"index, follow, max-snippet:-1, max-image-preview:large, max-video-preview:-1\" \/>\n<link rel=\"canonical\" href=\"https:\/\/nappynko.com\/blog\/evenement\/\" \/>\n<meta property=\"og:locale\" content=\"fr_FR\" \/>\n<meta property=\"og:type\" content=\"article\" \/>\n<meta property=\"og:title\" content=\"Evenement \u2022 Nappy n&#039;ko produits nappy cheveux cr\u00e9pus, fris\u00e9s\" \/>\n<meta property=\"og:description\" content=\"Evenement \u2022 Nappy n&#039;ko vous invite \u00e0 suivre toute son actualit\u00e9 \u00e9v\u00e8nementielle. Vous pouvez y retrouvez les produits et conseils.\" \/>\n<meta property=\"og:url\" content=\"https:\/\/nappynko.com\/blog\/evenement\/\" \/>\n<meta property=\"og:site_name\" content=\"Nappy N&#039;ko : Conseils, astuces pour cheveux cr\u00e9pus, fris\u00e9s et ondul\u00e9s au naturel !\" \/>\n<meta property=\"article:publisher\" content=\"https:\/\/www.facebook.com\/NappyNKo\/\" \/>\n<meta property=\"og:image\" content=\"http:\/\/nappynko.com\/blog\/wp-content\/uploads\/2015\/03\/cover-tkh-300x111.jpg\" \/>\n<meta name=\"twitter:card\" content=\"summary_large_image\" \/>\n<meta name=\"twitter:site\" content=\"@Nappynko\" \/>\n<script type=\"application\/ld+json\" class=\"yoast-schema-graph\">{\"@context\":\"https:\\\/\\\/schema.org\",\"@graph\":[{\"@type\":\"WebPage\",\"@id\":\"https:\\\/\\\/nappynko.com\\\/blog\\\/evenement\\\/\",\"url\":\"https:\\\/\\\/nappynko.com\\\/blog\\\/evenement\\\/\",\"name\":\"Evenement \u2022 Nappy n'ko produits nappy cheveux cr\u00e9pus, fris\u00e9s\",\"isPartOf\":{\"@id\":\"https:\\\/\\\/nappynko.com\\\/blog\\\/#website\"},\"primaryImageOfPage\":{\"@id\":\"https:\\\/\\\/nappynko.com\\\/blog\\\/evenement\\\/#primaryimage\"},\"image\":{\"@id\":\"https:\\\/\\\/nappynko.com\\\/blog\\\/evenement\\\/#primaryimage\"},\"thumbnailUrl\":\"http:\\\/\\\/nappynko.com\\\/blog\\\/wp-content\\\/uploads\\\/2015\\\/03\\\/cover-tkh-300x111.jpg\",\"datePublished\":\"2015-03-16T07:14:57+00:00\",\"description\":\"Evenement \u2022 Nappy n'ko vous invite \u00e0 suivre toute son actualit\u00e9 \u00e9v\u00e8nementielle. Vous pouvez y retrouvez les produits et conseils.\",\"breadcrumb\":{\"@id\":\"https:\\\/\\\/nappynko.com\\\/blog\\\/evenement\\\/#breadcrumb\"},\"inLanguage\":\"fr-FR\",\"potentialAction\":[{\"@type\":\"ReadAction\",\"target\":[\"https:\\\/\\\/nappynko.com\\\/blog\\\/evenement\\\/\"]}]},{\"@type\":\"ImageObject\",\"inLanguage\":\"fr-FR\",\"@id\":\"https:\\\/\\\/nappynko.com\\\/blog\\\/evenement\\\/#primaryimage\",\"url\":\"https:\\\/\\\/nappynko.com\\\/blog\\\/wp-content\\\/uploads\\\/2015\\\/03\\\/cover-tkh.jpg\",\"contentUrl\":\"https:\\\/\\\/nappynko.com\\\/blog\\\/wp-content\\\/uploads\\\/2015\\\/03\\\/cover-tkh.jpg\",\"width\":851,\"height\":315},{\"@type\":\"BreadcrumbList\",\"@id\":\"https:\\\/\\\/nappynko.com\\\/blog\\\/evenement\\\/#breadcrumb\",\"itemListElement\":[{\"@type\":\"ListItem\",\"position\":1,\"name\":\"Accueil\",\"item\":\"https:\\\/\\\/nappynko.com\\\/blog\\\/\"},{\"@type\":\"ListItem\",\"position\":2,\"name\":\"EVENT_N&rsquo;KO\"}]},{\"@type\":\"WebSite\",\"@id\":\"https:\\\/\\\/nappynko.com\\\/blog\\\/#website\",\"url\":\"https:\\\/\\\/nappynko.com\\\/blog\\\/\",\"name\":\"Nappy N'ko : Conseils, astuces pour cheveux cr\u00e9pus, fris\u00e9s et ondul\u00e9s au naturel !\",\"description\":\"\",\"publisher\":{\"@id\":\"https:\\\/\\\/nappynko.com\\\/blog\\\/#organization\"},\"potentialAction\":[{\"@type\":\"SearchAction\",\"target\":{\"@type\":\"EntryPoint\",\"urlTemplate\":\"https:\\\/\\\/nappynko.com\\\/blog\\\/?s={search_term_string}\"},\"query-input\":{\"@type\":\"PropertyValueSpecification\",\"valueRequired\":true,\"valueName\":\"search_term_string\"}}],\"inLanguage\":\"fr-FR\"},{\"@type\":\"Organization\",\"@id\":\"https:\\\/\\\/nappynko.com\\\/blog\\\/#organization\",\"name\":\"Nappy N'ko\",\"url\":\"https:\\\/\\\/nappynko.com\\\/blog\\\/\",\"logo\":{\"@type\":\"ImageObject\",\"inLanguage\":\"fr-FR\",\"@id\":\"https:\\\/\\\/nappynko.com\\\/blog\\\/#\\\/schema\\\/logo\\\/image\\\/\",\"url\":\"https:\\\/\\\/nappynko.com\\\/blog\\\/wp-content\\\/uploads\\\/2015\\\/07\\\/logo-nappy-n-ko-produits-nappy.jpg\",\"contentUrl\":\"https:\\\/\\\/nappynko.com\\\/blog\\\/wp-content\\\/uploads\\\/2015\\\/07\\\/logo-nappy-n-ko-produits-nappy.jpg\",\"width\":139,\"height\":140,\"caption\":\"Nappy N'ko\"},\"image\":{\"@id\":\"https:\\\/\\\/nappynko.com\\\/blog\\\/#\\\/schema\\\/logo\\\/image\\\/\"},\"sameAs\":[\"https:\\\/\\\/www.facebook.com\\\/NappyNKo\\\/\",\"https:\\\/\\\/x.com\\\/Nappynko\",\"https:\\\/\\\/www.instagram.com\\\/nappy_nko\\\/\",\"https:\\\/\\\/www.pinterest.fr\\\/nappyNko\\\/pins\\\/\"]}]}<\/script>\n<!-- \/ Yoast SEO plugin. -->","yoast_head_json":{"title":"Evenement \u2022 Nappy n'ko produits nappy cheveux cr\u00e9pus, fris\u00e9s","description":"Evenement \u2022 Nappy n'ko vous invite \u00e0 suivre toute son actualit\u00e9 \u00e9v\u00e8nementielle. Vous pouvez y retrouvez les produits et conseils.","robots":{"index":"index","follow":"follow","max-snippet":"max-snippet:-1","max-image-preview":"max-image-preview:large","max-video-preview":"max-video-preview:-1"},"canonical":"https:\/\/nappynko.com\/blog\/evenement\/","og_locale":"fr_FR","og_type":"article","og_title":"Evenement \u2022 Nappy n'ko produits nappy cheveux cr\u00e9pus, fris\u00e9s","og_description":"Evenement \u2022 Nappy n'ko vous invite \u00e0 suivre toute son actualit\u00e9 \u00e9v\u00e8nementielle. Vous pouvez y retrouvez les produits et conseils.","og_url":"https:\/\/nappynko.com\/blog\/evenement\/","og_site_name":"Nappy N&#039;ko : Conseils, astuces pour cheveux cr\u00e9pus, fris\u00e9s et ondul\u00e9s au naturel !","article_publisher":"https:\/\/www.facebook.com\/NappyNKo\/","og_image":[{"url":"http:\/\/nappynko.com\/blog\/wp-content\/uploads\/2015\/03\/cover-tkh-300x111.jpg","type":"","width":"","height":""}],"twitter_card":"summary_large_image","twitter_site":"@Nappynko","schema":{"@context":"https:\/\/schema.org","@graph":[{"@type":"WebPage","@id":"https:\/\/nappynko.com\/blog\/evenement\/","url":"https:\/\/nappynko.com\/blog\/evenement\/","name":"Evenement \u2022 Nappy n'ko produits nappy cheveux cr\u00e9pus, fris\u00e9s","isPartOf":{"@id":"https:\/\/nappynko.com\/blog\/#website"},"primaryImageOfPage":{"@id":"https:\/\/nappynko.com\/blog\/evenement\/#primaryimage"},"image":{"@id":"https:\/\/nappynko.com\/blog\/evenement\/#primaryimage"},"thumbnailUrl":"http:\/\/nappynko.com\/blog\/wp-content\/uploads\/2015\/03\/cover-tkh-300x111.jpg","datePublished":"2015-03-16T07:14:57+00:00","description":"Evenement \u2022 Nappy n'ko vous invite \u00e0 suivre toute son actualit\u00e9 \u00e9v\u00e8nementielle. Vous pouvez y retrouvez les produits et conseils.","breadcrumb":{"@id":"https:\/\/nappynko.com\/blog\/evenement\/#breadcrumb"},"inLanguage":"fr-FR","potentialAction":[{"@type":"ReadAction","target":["https:\/\/nappynko.com\/blog\/evenement\/"]}]},{"@type":"ImageObject","inLanguage":"fr-FR","@id":"https:\/\/nappynko.com\/blog\/evenement\/#primaryimage","url":"https:\/\/nappynko.com\/blog\/wp-content\/uploads\/2015\/03\/cover-tkh.jpg","contentUrl":"https:\/\/nappynko.com\/blog\/wp-content\/uploads\/2015\/03\/cover-tkh.jpg","width":851,"height":315},{"@type":"BreadcrumbList","@id":"https:\/\/nappynko.com\/blog\/evenement\/#breadcrumb","itemListElement":[{"@type":"ListItem","position":1,"name":"Accueil","item":"https:\/\/nappynko.com\/blog\/"},{"@type":"ListItem","position":2,"name":"EVENT_N&rsquo;KO"}]},{"@type":"WebSite","@id":"https:\/\/nappynko.com\/blog\/#website","url":"https:\/\/nappynko.com\/blog\/","name":"Nappy N'ko : Conseils, astuces pour cheveux cr\u00e9pus, fris\u00e9s et ondul\u00e9s au naturel !","description":"","publisher":{"@id":"https:\/\/nappynko.com\/blog\/#organization"},"potentialAction":[{"@type":"SearchAction","target":{"@type":"EntryPoint","urlTemplate":"https:\/\/nappynko.com\/blog\/?s={search_term_string}"},"query-input":{"@type":"PropertyValueSpecification","valueRequired":true,"valueName":"search_term_string"}}],"inLanguage":"fr-FR"},{"@type":"Organization","@id":"https:\/\/nappynko.com\/blog\/#organization","name":"Nappy N'ko","url":"https:\/\/nappynko.com\/blog\/","logo":{"@type":"ImageObject","inLanguage":"fr-FR","@id":"https:\/\/nappynko.com\/blog\/#\/schema\/logo\/image\/","url":"https:\/\/nappynko.com\/blog\/wp-content\/uploads\/2015\/07\/logo-nappy-n-ko-produits-nappy.jpg","contentUrl":"https:\/\/nappynko.com\/blog\/wp-content\/uploads\/2015\/07\/logo-nappy-n-ko-produits-nappy.jpg","width":139,"height":140,"caption":"Nappy N'ko"},"image":{"@id":"https:\/\/nappynko.com\/blog\/#\/schema\/logo\/image\/"},"sameAs":["https:\/\/www.facebook.com\/NappyNKo\/","https:\/\/x.com\/Nappynko","https:\/\/www.instagram.com\/nappy_nko\/","https:\/\/www.pinterest.fr\/nappyNko\/pins\/"]}]}},"_links":{"self":[{"href":"https:\/\/nappynko.com\/blog\/wp-json\/wp\/v2\/pages\/420","targetHints":{"allow":["GET"]}}],"collection":[{"href":"https:\/\/nappynko.com\/blog\/wp-json\/wp\/v2\/pages"}],"about":[{"href":"https:\/\/nappynko.com\/blog\/wp-json\/wp\/v2\/types\/page"}],"author":[{"embeddable":true,"href":"https:\/\/nappynko.com\/blog\/wp-json\/wp\/v2\/users\/4"}],"replies":[{"embeddable":true,"href":"https:\/\/nappynko.com\/blog\/wp-json\/wp\/v2\/comments?post=420"}],"version-history":[{"count":0,"href":"https:\/\/nappynko.com\/blog\/wp-json\/wp\/v2\/pages\/420\/revisions"}],"wp:attachment":[{"href":"https:\/\/nappynko.com\/blog\/wp-json\/wp\/v2\/media?parent=420"}],"curies":[{"name":"wp","href":"https:\/\/api.w.org\/{rel}","templated":true}]}}